{"id":23,"date":"2016-10-19T23:16:21","date_gmt":"2016-10-20T05:16:21","guid":{"rendered":"http:\/\/paradisesolutions.com\/?page_id=23"},"modified":"2023-04-10T14:41:30","modified_gmt":"2023-04-10T20:41:30","slug":"contact-us","status":"publish","type":"page","link":"https:\/\/www.solucionesparaiso.com\/en\/contact-us\/","title":{"rendered":"Contact Us"},"content":{"rendered":"<h4><strong>I would like to learn about\u2026<\/strong><\/h4>\n","protected":false},"excerpt":{"rendered":"<p>I would like to learn about\u2026<\/p>\n","protected":false},"author":1,"featured_media":0,"parent":0,"menu_order":0,"comment_status":"closed","ping_status":"closed","template":"page-contact-us.php","meta":{"_seopress_robots_primary_cat":"","_seopress_titles_title":"Cont\u00e1ctanos - Soluciones Para\u00edso","_seopress_titles_desc":"Env\u00eda tu CV a nuestro equipo de talentos, encuentra nuestra informaci\u00f3n de contacto, direcci\u00f3n de email, n\u00famero de tel\u00e9fono y ubicaci\u00f3n.","_seopress_robots_index":"","footnotes":""},"class_list":["post-23","page","type-page","status-publish","hentry"],"translation":{"provider":"WPGlobus","version":"3.0.2","language":"en","enabled_languages":["es","en"],"languages":{"es":{"title":true,"content":true,"excerpt":false},"en":{"title":true,"content":true,"excerpt":false}}},"_links":{"self":[{"href":"https:\/\/www.solucionesparaiso.com\/en\/wp-json\/wp\/v2\/pages\/23","targetHints":{"allow":["GET"]}}],"collection":[{"href":"https:\/\/www.solucionesparaiso.com\/en\/wp-json\/wp\/v2\/pages"}],"about":[{"href":"https:\/\/www.solucionesparaiso.com\/en\/wp-json\/wp\/v2\/types\/page"}],"author":[{"embeddable":true,"href":"https:\/\/www.solucionesparaiso.com\/en\/wp-json\/wp\/v2\/users\/1"}],"replies":[{"embeddable":true,"href":"https:\/\/www.solucionesparaiso.com\/en\/wp-json\/wp\/v2\/comments?post=23"}],"version-history":[{"count":15,"href":"https:\/\/www.solucionesparaiso.com\/en\/wp-json\/wp\/v2\/pages\/23\/revisions"}],"predecessor-version":[{"id":1279,"href":"https:\/\/www.solucionesparaiso.com\/en\/wp-json\/wp\/v2\/pages\/23\/revisions\/1279"}],"wp:attachment":[{"href":"https:\/\/www.solucionesparaiso.com\/en\/wp-json\/wp\/v2\/media?parent=23"}],"curies":[{"name":"wp","href":"https:\/\/api.w.org\/{rel}","templated":true}]}}