{"id":20,"date":"2016-10-19T23:16:09","date_gmt":"2016-10-20T05:16:09","guid":{"rendered":"http:\/\/paradisesolutions.com\/?page_id=20"},"modified":"2023-04-10T14:37:13","modified_gmt":"2023-04-10T20:37:13","slug":"careers","status":"publish","type":"page","link":"https:\/\/www.solucionesparaiso.com\/en\/careers\/","title":{"rendered":"CAREERS"},"content":{"rendered":"<div class=\"valla-carrers gotham thin\">\n<p>The journey of a <strong>thousand miles <\/strong>begins with a single step!<br \/>\n<small>\u2013 Lao Tzu<\/small><\/p>\n<\/div>\n<div class=\"benefits\">\n<h1 class=\"gotham thin\" style=\"text-align: center;\"><strong>Our Great<\/strong> <strong>Benefits<\/strong><\/h1>\n<ul>\n<li>A Fun and Flexible Work Environment<\/li>\n<li>A Higher Starting Salary<\/li>\n<li>Top-Tier Perks Including 12+ Days of Paid Time Off<\/li>\n<li>Fully Paid Private Medical Insurance<\/li>\n<li>Educational Support Program<\/li>\n<li>Flexible Schedules<\/li>\n<li>Team-building Activities Including Travel and Adventures<\/li>\n<li>On-Site Cafeteria &amp; Free Parking<\/li>\n<li>A Team of Motivated, Fun Loving Young People<\/li>\n<li>Located in One of the Nicest and Safest Area of San Salvador<\/li>\n<\/ul>\n<\/div>\n<p><a class=\"btn-opportunities\" href=\"#opportunities\"><strong>Opportunities<\/strong> available<\/a><\/p>\n","protected":false},"excerpt":{"rendered":"<p>The journey of a thousand miles begins with a single step! \u2013 Lao Tzu Our Great Benefits A Fun and Flexible Work Environment A Higher Starting Salary Top-Tier Perks Including 12+ Days of Paid Time Off Fully Paid Private Medical Insurance Educational Support Program Flexible Schedules Team-building Activities Including Travel and Adventures On-Site Cafeteria &amp; [&hellip;]<\/p>\n","protected":false},"author":1,"featured_media":0,"parent":0,"menu_order":0,"comment_status":"closed","ping_status":"closed","template":"page-carrers.php","meta":{"_seopress_robots_primary_cat":"","_seopress_titles_title":"Trabaja en El Para\u00edso - Empleos en Soluciones Para\u00edso El Salvador","_seopress_titles_desc":"Empleos en Marketing Digital, Atenci\u00f3n al Cliente, Ventas, Entrenamiento, Dise\u00f1o y Desarrollo Web, Administraci\u00f3n y m\u00e1s.","_seopress_robots_index":"","footnotes":""},"class_list":["post-20","page","type-page","status-publish","hentry"],"translation":{"provider":"WPGlobus","version":"3.0.2","language":"en","enabled_languages":["es","en"],"languages":{"es":{"title":true,"content":true,"excerpt":false},"en":{"title":true,"content":true,"excerpt":false}}},"_links":{"self":[{"href":"https:\/\/www.solucionesparaiso.com\/en\/wp-json\/wp\/v2\/pages\/20","targetHints":{"allow":["GET"]}}],"collection":[{"href":"https:\/\/www.solucionesparaiso.com\/en\/wp-json\/wp\/v2\/pages"}],"about":[{"href":"https:\/\/www.solucionesparaiso.com\/en\/wp-json\/wp\/v2\/types\/page"}],"author":[{"embeddable":true,"href":"https:\/\/www.solucionesparaiso.com\/en\/wp-json\/wp\/v2\/users\/1"}],"replies":[{"embeddable":true,"href":"https:\/\/www.solucionesparaiso.com\/en\/wp-json\/wp\/v2\/comments?post=20"}],"version-history":[{"count":49,"href":"https:\/\/www.solucionesparaiso.com\/en\/wp-json\/wp\/v2\/pages\/20\/revisions"}],"predecessor-version":[{"id":1278,"href":"https:\/\/www.solucionesparaiso.com\/en\/wp-json\/wp\/v2\/pages\/20\/revisions\/1278"}],"wp:attachment":[{"href":"https:\/\/www.solucionesparaiso.com\/en\/wp-json\/wp\/v2\/media?parent=20"}],"curies":[{"name":"wp","href":"https:\/\/api.w.org\/{rel}","templated":true}]}}