{"id":18,"date":"2016-10-19T23:14:44","date_gmt":"2016-10-20T05:14:44","guid":{"rendered":"http:\/\/paradisesolutions.com\/?page_id=18"},"modified":"2023-04-10T14:36:37","modified_gmt":"2023-04-10T20:36:37","slug":"inside-paradise","status":"publish","type":"page","link":"https:\/\/www.solucionesparaiso.com\/en\/inside-paradise\/","title":{"rendered":"Inside Paradise"},"content":{"rendered":"","protected":false},"excerpt":{"rendered":"","protected":false},"author":1,"featured_media":0,"parent":0,"menu_order":0,"comment_status":"closed","ping_status":"closed","template":"page-inside-paradise.php","meta":{"_seopress_robots_primary_cat":"","_seopress_titles_title":"La vida en El Para\u00edso - Conoce a Soluciones Para\u00edso El Salvador","_seopress_titles_desc":"\u00bfQu\u00e9 hace a Soluciones Para\u00edso diferente? Nuestro equipo comparte nuestra pasi\u00f3n por crear inolvidables memorias para toda la vida contigo.","_seopress_robots_index":"","footnotes":""},"class_list":["post-18","page","type-page","status-publish","hentry"],"translation":{"provider":"WPGlobus","version":"3.0.2","language":"en","enabled_languages":["es","en"],"languages":{"es":{"title":true,"content":false,"excerpt":false},"en":{"title":false,"content":false,"excerpt":false}}},"_links":{"self":[{"href":"https:\/\/www.solucionesparaiso.com\/en\/wp-json\/wp\/v2\/pages\/18","targetHints":{"allow":["GET"]}}],"collection":[{"href":"https:\/\/www.solucionesparaiso.com\/en\/wp-json\/wp\/v2\/pages"}],"about":[{"href":"https:\/\/www.solucionesparaiso.com\/en\/wp-json\/wp\/v2\/types\/page"}],"author":[{"embeddable":true,"href":"https:\/\/www.solucionesparaiso.com\/en\/wp-json\/wp\/v2\/users\/1"}],"replies":[{"embeddable":true,"href":"https:\/\/www.solucionesparaiso.com\/en\/wp-json\/wp\/v2\/comments?post=18"}],"version-history":[{"count":1,"href":"https:\/\/www.solucionesparaiso.com\/en\/wp-json\/wp\/v2\/pages\/18\/revisions"}],"predecessor-version":[{"id":19,"href":"https:\/\/www.solucionesparaiso.com\/en\/wp-json\/wp\/v2\/pages\/18\/revisions\/19"}],"wp:attachment":[{"href":"https:\/\/www.solucionesparaiso.com\/en\/wp-json\/wp\/v2\/media?parent=18"}],"curies":[{"name":"wp","href":"https:\/\/api.w.org\/{rel}","templated":true}]}}