{"id":16,"date":"2016-10-19T23:14:17","date_gmt":"2016-10-20T05:14:17","guid":{"rendered":"http:\/\/paradisesolutions.com\/?page_id=16"},"modified":"2023-04-10T14:35:25","modified_gmt":"2023-04-10T20:35:25","slug":"about-us","status":"publish","type":"page","link":"https:\/\/www.solucionesparaiso.com\/en\/about-us\/","title":{"rendered":"About Us"},"content":{"rendered":"","protected":false},"excerpt":{"rendered":"","protected":false},"author":1,"featured_media":0,"parent":0,"menu_order":0,"comment_status":"closed","ping_status":"closed","template":"page-about-us.php","meta":{"_seopress_robots_primary_cat":"","_seopress_titles_title":"Acerca de Nosotros - Soluciones Para\u00edso","_seopress_titles_desc":"Conoce sobre qu\u00e9 es Soluciones Para\u00edso, incluyendo nuestra trayectoria en El Salvador, nuestra misi\u00f3n, nuestra visi\u00f3n y nuestro manifiesto.","_seopress_robots_index":"","footnotes":""},"class_list":["post-16","page","type-page","status-publish","hentry"],"translation":{"provider":"WPGlobus","version":"3.0.2","language":"en","enabled_languages":["es","en"],"languages":{"es":{"title":true,"content":false,"excerpt":false},"en":{"title":false,"content":false,"excerpt":false}}},"_links":{"self":[{"href":"https:\/\/www.solucionesparaiso.com\/en\/wp-json\/wp\/v2\/pages\/16","targetHints":{"allow":["GET"]}}],"collection":[{"href":"https:\/\/www.solucionesparaiso.com\/en\/wp-json\/wp\/v2\/pages"}],"about":[{"href":"https:\/\/www.solucionesparaiso.com\/en\/wp-json\/wp\/v2\/types\/page"}],"author":[{"embeddable":true,"href":"https:\/\/www.solucionesparaiso.com\/en\/wp-json\/wp\/v2\/users\/1"}],"replies":[{"embeddable":true,"href":"https:\/\/www.solucionesparaiso.com\/en\/wp-json\/wp\/v2\/comments?post=16"}],"version-history":[{"count":1,"href":"https:\/\/www.solucionesparaiso.com\/en\/wp-json\/wp\/v2\/pages\/16\/revisions"}],"predecessor-version":[{"id":17,"href":"https:\/\/www.solucionesparaiso.com\/en\/wp-json\/wp\/v2\/pages\/16\/revisions\/17"}],"wp:attachment":[{"href":"https:\/\/www.solucionesparaiso.com\/en\/wp-json\/wp\/v2\/media?parent=16"}],"curies":[{"name":"wp","href":"https:\/\/api.w.org\/{rel}","templated":true}]}}