{"id":1273,"date":"2023-03-03T17:39:12","date_gmt":"2023-03-03T23:39:12","guid":{"rendered":"https:\/\/www.solucionesparaiso.com\/?page_id=1273"},"modified":"2025-10-03T18:25:29","modified_gmt":"2025-10-04T00:25:29","slug":"apply","status":"publish","type":"page","link":"https:\/\/www.solucionesparaiso.com\/en\/apply\/","title":{"rendered":"Apply"},"content":{"rendered":"","protected":false},"excerpt":{"rendered":"","protected":false},"author":4,"featured_media":0,"parent":0,"menu_order":0,"comment_status":"closed","ping_status":"closed","template":"newApplyFormTemplate.php","meta":{"_seopress_robots_primary_cat":"","_seopress_titles_title":"Trabaja en El Para\u00edso - Aplica Ahora | Soluciones Para\u00edso","_seopress_titles_desc":"Aplica aqu\u00ed a nuestras plazas en Soluciones Para\u00edso El Salvador con nuestro sencillo formulario de aplicaci\u00f3n. S\u00f3lo env\u00eda tu CV en ingl\u00e9s para poder aplicar.","_seopress_robots_index":"","footnotes":""},"class_list":["post-1273","page","type-page","status-publish","hentry"],"translation":{"provider":"WPGlobus","version":"3.0.2","language":"en","enabled_languages":["es","en"],"languages":{"es":{"title":true,"content":false,"excerpt":false},"en":{"title":false,"content":false,"excerpt":false}}},"_links":{"self":[{"href":"https:\/\/www.solucionesparaiso.com\/en\/wp-json\/wp\/v2\/pages\/1273","targetHints":{"allow":["GET"]}}],"collection":[{"href":"https:\/\/www.solucionesparaiso.com\/en\/wp-json\/wp\/v2\/pages"}],"about":[{"href":"https:\/\/www.solucionesparaiso.com\/en\/wp-json\/wp\/v2\/types\/page"}],"author":[{"embeddable":true,"href":"https:\/\/www.solucionesparaiso.com\/en\/wp-json\/wp\/v2\/users\/4"}],"replies":[{"embeddable":true,"href":"https:\/\/www.solucionesparaiso.com\/en\/wp-json\/wp\/v2\/comments?post=1273"}],"version-history":[{"count":1,"href":"https:\/\/www.solucionesparaiso.com\/en\/wp-json\/wp\/v2\/pages\/1273\/revisions"}],"predecessor-version":[{"id":1275,"href":"https:\/\/www.solucionesparaiso.com\/en\/wp-json\/wp\/v2\/pages\/1273\/revisions\/1275"}],"wp:attachment":[{"href":"https:\/\/www.solucionesparaiso.com\/en\/wp-json\/wp\/v2\/media?parent=1273"}],"curies":[{"name":"wp","href":"https:\/\/api.w.org\/{rel}","templated":true}]}}