{"id":1236,"date":"2018-07-03T11:09:32","date_gmt":"2018-07-03T17:09:32","guid":{"rendered":"http:\/\/www.solucionesparaiso.com\/?page_id=1236"},"modified":"2023-04-10T14:27:33","modified_gmt":"2023-04-10T20:27:33","slug":"home","status":"publish","type":"page","link":"https:\/\/www.solucionesparaiso.com\/en\/","title":{"rendered":"Home"},"content":{"rendered":"","protected":false},"excerpt":{"rendered":"","protected":false},"author":4,"featured_media":0,"parent":0,"menu_order":0,"comment_status":"closed","ping_status":"closed","template":"template-home.php","meta":{"_seopress_robots_primary_cat":"","_seopress_titles_title":"Soluciones Para\u00edso - El Mejor Lugar Para Trabajar En El Salvador","_seopress_titles_desc":"S\u00e9 parte de un mundo de viajes de aventuras, donde puedes crear memorias inolvidables y convertir tus sue\u00f1os en realidad todos los d\u00edas. ","_seopress_robots_index":"","footnotes":""},"class_list":["post-1236","page","type-page","status-publish","hentry"],"translation":{"provider":"WPGlobus","version":"3.0.2","language":"en","enabled_languages":["es","en"],"languages":{"es":{"title":true,"content":false,"excerpt":false},"en":{"title":false,"content":false,"excerpt":false}}},"_links":{"self":[{"href":"https:\/\/www.solucionesparaiso.com\/en\/wp-json\/wp\/v2\/pages\/1236","targetHints":{"allow":["GET"]}}],"collection":[{"href":"https:\/\/www.solucionesparaiso.com\/en\/wp-json\/wp\/v2\/pages"}],"about":[{"href":"https:\/\/www.solucionesparaiso.com\/en\/wp-json\/wp\/v2\/types\/page"}],"author":[{"embeddable":true,"href":"https:\/\/www.solucionesparaiso.com\/en\/wp-json\/wp\/v2\/users\/4"}],"replies":[{"embeddable":true,"href":"https:\/\/www.solucionesparaiso.com\/en\/wp-json\/wp\/v2\/comments?post=1236"}],"version-history":[{"count":1,"href":"https:\/\/www.solucionesparaiso.com\/en\/wp-json\/wp\/v2\/pages\/1236\/revisions"}],"predecessor-version":[{"id":1237,"href":"https:\/\/www.solucionesparaiso.com\/en\/wp-json\/wp\/v2\/pages\/1236\/revisions\/1237"}],"wp:attachment":[{"href":"https:\/\/www.solucionesparaiso.com\/en\/wp-json\/wp\/v2\/media?parent=1236"}],"curies":[{"name":"wp","href":"https:\/\/api.w.org\/{rel}","templated":true}]}}